{"id":1874,"date":"2024-03-25T21:54:22","date_gmt":"2024-03-25T20:54:22","guid":{"rendered":"https:\/\/radiosupeyres.org\/?page_id=1874"},"modified":"2025-09-11T12:05:38","modified_gmt":"2025-09-11T10:05:38","slug":"contacts","status":"publish","type":"page","link":"https:\/\/radiosupeyres.org\/index.php\/contacts\/","title":{"rendered":"Contacts"},"content":{"rendered":"\n<div class=\"wp-block-columns is-layout-flex wp-container-core-columns-is-layout-1 wp-block-columns-is-layout-flex\">\n<div class=\"wp-block-column is-layout-flow wp-block-column-is-layout-flow\" style=\"flex-basis:100%\">\n<p><style>\/*! elementor - v3.20.0 - 26-03-2024 *\/<br \/>\n.elementor-heading-title{padding:0;margin:0;line-height:1}.elementor-widget-heading .elementor-heading-title[class*=elementor-size-]>a{color:inherit;font-size:inherit;line-height:inherit}.elementor-widget-heading .elementor-heading-title.elementor-size-small{font-size:15px}.elementor-widget-heading .elementor-heading-title.elementor-size-medium{font-size:19px}.elementor-widget-heading .elementor-heading-title.elementor-size-large{font-size:29px}.elementor-widget-heading .elementor-heading-title.elementor-size-xl{font-size:39px}.elementor-widget-heading .elementor-heading-title.elementor-size-xxl{font-size:59px}<\/style><\/p>\n<h2>Envie de nous \u00e9crire ?<\/h2>\n<p>Vous pouvez nous envoyer un mail \u00e0 <em>radiosupeyres@mailo.com<\/em><\/p>\n<p>Promis, on essaiera de vous r\u00e9pondre !<\/p>\n<p>Envie de rejoindre les bancs de la radio ?<\/p>\n<p>Venez nous rencontrer au studio, tous les 5 de chaque mois de 12h \u00e0 14h, ou venir assister \u00e0 l&rsquo;une de nos \u00e9missions.<\/p>\n<p><em>Les Lococotiers<\/em><\/p>\n<p><em>38 rue de Goye<\/em><\/p>\n<p><em>63600 AMBERT<\/em><\/p>\n<\/div>\n<\/div>\n","protected":false},"excerpt":{"rendered":"<p>Envie de nous \u00e9crire ? Vous pouvez nous envoyer un mail \u00e0 radiosupeyres@mailo.com Promis, on essaiera de vous r\u00e9pondre ! Envie de rejoindre les bancs de la radio ? Venez nous rencontrer au studio, tous les 5 de chaque mois de 12h \u00e0 14h, ou venir assister \u00e0 l&rsquo;une de nos \u00e9missions. Les Lococotiers 38 [&hellip;]<\/p>\n","protected":false},"author":1,"featured_media":0,"parent":0,"menu_order":0,"comment_status":"closed","ping_status":"closed","template":"","meta":{"site-sidebar-layout":"no-sidebar","site-content-layout":"page-builder","ast-site-content-layout":"full-width-container","site-content-style":"unboxed","site-sidebar-style":"unboxed","ast-global-header-display":"","ast-banner-title-visibility":"","ast-main-header-display":"","ast-hfb-above-header-display":"","ast-hfb-below-header-display":"","ast-hfb-mobile-header-display":"","site-post-title":"disabled","ast-breadcrumbs-content":"","ast-featured-img":"disabled","footer-sml-layout":"","theme-transparent-header-meta":"","adv-header-id-meta":"","stick-header-meta":"","header-above-stick-meta":"","header-main-stick-meta":"","header-below-stick-meta":"","astra-migrate-meta-layouts":"set","ast-page-background-enabled":"default","ast-page-background-meta":{"desktop":{"background-color":"var(--ast-global-color-4)","background-image":"","background-repeat":"repeat","background-position":"center center","background-size":"auto","background-attachment":"scroll","background-type":"","background-media":"","overlay-type":"","overlay-color":"","overlay-opacity":"","overlay-gradient":""},"tablet":{"background-color":"","background-image":"","background-repeat":"repeat","background-position":"center center","background-size":"auto","background-attachment":"scroll","background-type":"","background-media":"","overlay-type":"","overlay-color":"","overlay-opacity":"","overlay-gradient":""},"mobile":{"background-color":"","background-image":"","background-repeat":"repeat","background-position":"center center","background-size":"auto","background-attachment":"scroll","background-type":"","background-media":"","overlay-type":"","overlay-color":"","overlay-opacity":"","overlay-gradient":""}},"ast-content-background-meta":{"desktop":{"background-color":"var(--ast-global-color-5)","background-image":"","background-repeat":"repeat","background-position":"center center","background-size":"auto","background-attachment":"scroll","background-type":"","background-media":"","overlay-type":"","overlay-color":"","overlay-opacity":"","overlay-gradient":""},"tablet":{"background-color":"var(--ast-global-color-5)","background-image":"","background-repeat":"repeat","background-position":"center center","background-size":"auto","background-attachment":"scroll","background-type":"","background-media":"","overlay-type":"","overlay-color":"","overlay-opacity":"","overlay-gradient":""},"mobile":{"background-color":"var(--ast-global-color-5)","background-image":"","background-repeat":"repeat","background-position":"center center","background-size":"auto","background-attachment":"scroll","background-type":"","background-media":"","overlay-type":"","overlay-color":"","overlay-opacity":"","overlay-gradient":""}},"footnotes":""},"class_list":["post-1874","page","type-page","status-publish","hentry"],"_links":{"self":[{"href":"https:\/\/radiosupeyres.org\/index.php\/wp-json\/wp\/v2\/pages\/1874","targetHints":{"allow":["GET"]}}],"collection":[{"href":"https:\/\/radiosupeyres.org\/index.php\/wp-json\/wp\/v2\/pages"}],"about":[{"href":"https:\/\/radiosupeyres.org\/index.php\/wp-json\/wp\/v2\/types\/page"}],"author":[{"embeddable":true,"href":"https:\/\/radiosupeyres.org\/index.php\/wp-json\/wp\/v2\/users\/1"}],"replies":[{"embeddable":true,"href":"https:\/\/radiosupeyres.org\/index.php\/wp-json\/wp\/v2\/comments?post=1874"}],"version-history":[{"count":12,"href":"https:\/\/radiosupeyres.org\/index.php\/wp-json\/wp\/v2\/pages\/1874\/revisions"}],"predecessor-version":[{"id":2614,"href":"https:\/\/radiosupeyres.org\/index.php\/wp-json\/wp\/v2\/pages\/1874\/revisions\/2614"}],"wp:attachment":[{"href":"https:\/\/radiosupeyres.org\/index.php\/wp-json\/wp\/v2\/media?parent=1874"}],"curies":[{"name":"wp","href":"https:\/\/api.w.org\/{rel}","templated":true}]}}